{"id":492,"date":"2023-01-28T21:14:01","date_gmt":"2023-01-28T21:14:01","guid":{"rendered":"https:\/\/lippee.com.ar\/?post_type=product&#038;p=492"},"modified":"2023-12-13T01:13:39","modified_gmt":"2023-12-13T01:13:39","slug":"lomo-relleno","status":"publish","type":"product","link":"https:\/\/lippee.com.ar\/index.php\/product\/lomo-relleno\/","title":{"rendered":"Lomo relleno"},"content":{"rendered":"<p>Medall\u00f3n de lomo relleno de hongos, panceta, queso sardo y verdeo. Acompa\u00f1ado con pur\u00e9 de papa con ajo asado y remolacha, en salsa reducci\u00f3n de malbec y crumble de ciboulette.<\/p>\n","protected":false},"excerpt":{"rendered":"<p>Medall\u00f3n de lomo relleno de hongos, panceta, queso sardo y verdeo.<\/p>\n","protected":false},"featured_media":0,"template":"","meta":{"_et_pb_use_builder":"","_et_pb_old_content":"","_et_gb_content_width":""},"product_brand":[],"product_cat":[18,28],"product_tag":[146,167,163,168],"class_list":{"0":"post-492","1":"product","2":"type-product","3":"status-publish","5":"product_cat-lippee-restaurant","6":"product_cat-parrilla","7":"product_tag-carne","8":"product_tag-lomo","9":"product_tag-parrilla","10":"product_tag-relleno","12":"first","13":"instock","14":"shipping-taxable","15":"purchasable","16":"product-type-simple"},"_links":{"self":[{"href":"https:\/\/lippee.com.ar\/index.php\/wp-json\/wp\/v2\/product\/492","targetHints":{"allow":["GET"]}}],"collection":[{"href":"https:\/\/lippee.com.ar\/index.php\/wp-json\/wp\/v2\/product"}],"about":[{"href":"https:\/\/lippee.com.ar\/index.php\/wp-json\/wp\/v2\/types\/product"}],"wp:attachment":[{"href":"https:\/\/lippee.com.ar\/index.php\/wp-json\/wp\/v2\/media?parent=492"}],"wp:term":[{"taxonomy":"product_brand","embeddable":true,"href":"https:\/\/lippee.com.ar\/index.php\/wp-json\/wp\/v2\/product_brand?post=492"},{"taxonomy":"product_cat","embeddable":true,"href":"https:\/\/lippee.com.ar\/index.php\/wp-json\/wp\/v2\/product_cat?post=492"},{"taxonomy":"product_tag","embeddable":true,"href":"https:\/\/lippee.com.ar\/index.php\/wp-json\/wp\/v2\/product_tag?post=492"}],"curies":[{"name":"wp","href":"https:\/\/api.w.org\/{rel}","templated":true}]}}