{"id":488,"date":"2023-01-27T20:13:42","date_gmt":"2023-01-27T20:13:42","guid":{"rendered":"https:\/\/lippee.com.ar\/?post_type=product&#038;p=488"},"modified":"2023-12-13T00:35:16","modified_gmt":"2023-12-13T00:35:16","slug":"solomillo-laqueado","status":"publish","type":"product","link":"https:\/\/lippee.com.ar\/index.php\/product\/solomillo-laqueado\/","title":{"rendered":"Solomillo Laqueado"},"content":{"rendered":"<p>Solomillo (lomo de cerdo) laqueado con reducci\u00f3n de vino con miel, tomillo y ciruelas pasas. Acompa\u00f1ado de pur\u00e9 de batata con alm\u00edbar de co\u00f1ac.<\/p>\n","protected":false},"excerpt":{"rendered":"<p>Solomillo (lomo de cerdo) laqueado con reducci\u00f3n de vino con miel, tomillo y ciruelas pasas. Acompa\u00f1ado de pur\u00e9 de batata con alm\u00edbar de co\u00f1ac.<\/p>\n","protected":false},"featured_media":0,"template":"","meta":{"_et_pb_use_builder":"","_et_pb_old_content":"","_et_gb_content_width":""},"product_brand":[],"product_cat":[22,18],"product_tag":[101,104,102],"class_list":{"0":"post-488","1":"product","2":"type-product","3":"status-publish","5":"product_cat-cerdo","6":"product_cat-lippee-restaurant","7":"product_tag-cerdo","8":"product_tag-laqueado","9":"product_tag-solomillo","11":"first","12":"instock","13":"shipping-taxable","14":"purchasable","15":"product-type-simple"},"_links":{"self":[{"href":"https:\/\/lippee.com.ar\/index.php\/wp-json\/wp\/v2\/product\/488","targetHints":{"allow":["GET"]}}],"collection":[{"href":"https:\/\/lippee.com.ar\/index.php\/wp-json\/wp\/v2\/product"}],"about":[{"href":"https:\/\/lippee.com.ar\/index.php\/wp-json\/wp\/v2\/types\/product"}],"wp:attachment":[{"href":"https:\/\/lippee.com.ar\/index.php\/wp-json\/wp\/v2\/media?parent=488"}],"wp:term":[{"taxonomy":"product_brand","embeddable":true,"href":"https:\/\/lippee.com.ar\/index.php\/wp-json\/wp\/v2\/product_brand?post=488"},{"taxonomy":"product_cat","embeddable":true,"href":"https:\/\/lippee.com.ar\/index.php\/wp-json\/wp\/v2\/product_cat?post=488"},{"taxonomy":"product_tag","embeddable":true,"href":"https:\/\/lippee.com.ar\/index.php\/wp-json\/wp\/v2\/product_tag?post=488"}],"curies":[{"name":"wp","href":"https:\/\/api.w.org\/{rel}","templated":true}]}}