{"id":315,"date":"2022-11-21T18:13:01","date_gmt":"2022-11-21T18:13:01","guid":{"rendered":"http:\/\/lippee.com.ar\/?post_type=product&#038;p=315"},"modified":"2023-12-13T01:40:09","modified_gmt":"2023-12-13T01:40:09","slug":"de-paseo-por-la-pasteleria","status":"publish","type":"product","link":"https:\/\/lippee.com.ar\/index.php\/product\/de-paseo-por-la-pasteleria\/","title":{"rendered":"De paseo por la pasteler\u00eda"},"content":{"rendered":"<p>Brownie, tarta de manzana, pincho vigilante, mini panqueque, helado de sabay\u00f3n con semillas de s\u00e9samo y espuma de lim\u00f3n.<\/p>\n","protected":false},"excerpt":{"rendered":"<p>Selecci\u00f3n de degustaci\u00f3n de nuestros postres.<\/p>\n","protected":false},"featured_media":0,"template":"","meta":{"_et_pb_use_builder":"","_et_pb_old_content":"","_et_gb_content_width":""},"product_brand":[],"product_cat":[18,34],"product_tag":[218,219,210],"class_list":{"0":"post-315","1":"product","2":"type-product","3":"status-publish","5":"product_cat-lippee-restaurant","6":"product_cat-postres","7":"product_tag-degustacion","8":"product_tag-pasteleria","9":"product_tag-postre","11":"first","12":"instock","13":"shipping-taxable","14":"purchasable","15":"product-type-simple"},"_links":{"self":[{"href":"https:\/\/lippee.com.ar\/index.php\/wp-json\/wp\/v2\/product\/315","targetHints":{"allow":["GET"]}}],"collection":[{"href":"https:\/\/lippee.com.ar\/index.php\/wp-json\/wp\/v2\/product"}],"about":[{"href":"https:\/\/lippee.com.ar\/index.php\/wp-json\/wp\/v2\/types\/product"}],"wp:attachment":[{"href":"https:\/\/lippee.com.ar\/index.php\/wp-json\/wp\/v2\/media?parent=315"}],"wp:term":[{"taxonomy":"product_brand","embeddable":true,"href":"https:\/\/lippee.com.ar\/index.php\/wp-json\/wp\/v2\/product_brand?post=315"},{"taxonomy":"product_cat","embeddable":true,"href":"https:\/\/lippee.com.ar\/index.php\/wp-json\/wp\/v2\/product_cat?post=315"},{"taxonomy":"product_tag","embeddable":true,"href":"https:\/\/lippee.com.ar\/index.php\/wp-json\/wp\/v2\/product_tag?post=315"}],"curies":[{"name":"wp","href":"https:\/\/api.w.org\/{rel}","templated":true}]}}