{"id":258,"date":"2022-11-15T20:29:02","date_gmt":"2022-11-15T20:29:02","guid":{"rendered":"http:\/\/lippee.com.ar\/?post_type=product&#038;p=258"},"modified":"2023-12-13T01:03:39","modified_gmt":"2023-12-13T01:03:39","slug":"pesca-del-dia-al-roquefort","status":"publish","type":"product","link":"https:\/\/lippee.com.ar\/index.php\/product\/pesca-del-dia-al-roquefort\/","title":{"rendered":"Pesca del d\u00eda al roquefort"},"content":{"rendered":"<p>Pez blanco en salsa de queso azul acompa\u00f1ado de pur\u00e9 de calabazas gratinado con parmesano y nueces.<\/p>\n","protected":false},"excerpt":{"rendered":"<p>Pez blanco en salsa de queso azul acompa\u00f1ado de pur\u00e9 de calabazas gratinado con parmesano y nueces.<\/p>\n","protected":false},"featured_media":0,"template":"","meta":{"_et_pb_use_builder":"","_et_pb_old_content":"","_et_gb_content_width":""},"product_brand":[],"product_cat":[18,31],"product_tag":[131,124,158],"class_list":{"0":"post-258","1":"product","2":"type-product","3":"status-publish","5":"product_cat-lippee-restaurant","6":"product_cat-nuestra-pesca","7":"product_tag-pescado","8":"product_tag-queso-azul","9":"product_tag-roquefort","11":"first","12":"instock","13":"shipping-taxable","14":"purchasable","15":"product-type-simple"},"_links":{"self":[{"href":"https:\/\/lippee.com.ar\/index.php\/wp-json\/wp\/v2\/product\/258","targetHints":{"allow":["GET"]}}],"collection":[{"href":"https:\/\/lippee.com.ar\/index.php\/wp-json\/wp\/v2\/product"}],"about":[{"href":"https:\/\/lippee.com.ar\/index.php\/wp-json\/wp\/v2\/types\/product"}],"wp:attachment":[{"href":"https:\/\/lippee.com.ar\/index.php\/wp-json\/wp\/v2\/media?parent=258"}],"wp:term":[{"taxonomy":"product_brand","embeddable":true,"href":"https:\/\/lippee.com.ar\/index.php\/wp-json\/wp\/v2\/product_brand?post=258"},{"taxonomy":"product_cat","embeddable":true,"href":"https:\/\/lippee.com.ar\/index.php\/wp-json\/wp\/v2\/product_cat?post=258"},{"taxonomy":"product_tag","embeddable":true,"href":"https:\/\/lippee.com.ar\/index.php\/wp-json\/wp\/v2\/product_tag?post=258"}],"curies":[{"name":"wp","href":"https:\/\/api.w.org\/{rel}","templated":true}]}}