{"id":257,"date":"2022-11-15T20:28:54","date_gmt":"2022-11-15T20:28:54","guid":{"rendered":"http:\/\/lippee.com.ar\/?post_type=product&#038;p=257"},"modified":"2023-12-13T01:04:13","modified_gmt":"2023-12-13T01:04:13","slug":"pave-en-salsa-citrica","status":"publish","type":"product","link":"https:\/\/lippee.com.ar\/index.php\/product\/pave-en-salsa-citrica\/","title":{"rendered":"Pave en salsa c\u00edtrica"},"content":{"rendered":"<p>Salm\u00f3n grill\u00e9 con salsa a base de lim\u00f3n y crema fresca acompa\u00f1ado de verduras salteadas al wok.<\/p>\n","protected":false},"excerpt":{"rendered":"<p>Salm\u00f3n grill\u00e9 con salsa a base de lim\u00f3n y crema fresca acompa\u00f1ado de verduras salteadas al wok.<\/p>\n","protected":false},"featured_media":0,"template":"","meta":{"_et_pb_use_builder":"","_et_pb_old_content":"","_et_gb_content_width":""},"product_brand":[],"product_cat":[18,31],"product_tag":[159,131,157],"class_list":{"0":"post-257","1":"product","2":"type-product","3":"status-publish","5":"product_cat-lippee-restaurant","6":"product_cat-nuestra-pesca","7":"product_tag-citrica","8":"product_tag-pescado","9":"product_tag-salmon","11":"first","12":"instock","13":"shipping-taxable","14":"purchasable","15":"product-type-simple"},"_links":{"self":[{"href":"https:\/\/lippee.com.ar\/index.php\/wp-json\/wp\/v2\/product\/257","targetHints":{"allow":["GET"]}}],"collection":[{"href":"https:\/\/lippee.com.ar\/index.php\/wp-json\/wp\/v2\/product"}],"about":[{"href":"https:\/\/lippee.com.ar\/index.php\/wp-json\/wp\/v2\/types\/product"}],"wp:attachment":[{"href":"https:\/\/lippee.com.ar\/index.php\/wp-json\/wp\/v2\/media?parent=257"}],"wp:term":[{"taxonomy":"product_brand","embeddable":true,"href":"https:\/\/lippee.com.ar\/index.php\/wp-json\/wp\/v2\/product_brand?post=257"},{"taxonomy":"product_cat","embeddable":true,"href":"https:\/\/lippee.com.ar\/index.php\/wp-json\/wp\/v2\/product_cat?post=257"},{"taxonomy":"product_tag","embeddable":true,"href":"https:\/\/lippee.com.ar\/index.php\/wp-json\/wp\/v2\/product_tag?post=257"}],"curies":[{"name":"wp","href":"https:\/\/api.w.org\/{rel}","templated":true}]}}