{"id":254,"date":"2022-11-15T20:28:36","date_gmt":"2022-11-15T20:28:36","guid":{"rendered":"http:\/\/lippee.com.ar\/?post_type=product&#038;p=254"},"modified":"2023-12-13T01:05:19","modified_gmt":"2023-12-13T01:05:19","slug":"lenguado-a-la-manteca-negra","status":"publish","type":"product","link":"https:\/\/lippee.com.ar\/index.php\/product\/lenguado-a-la-manteca-negra\/","title":{"rendered":"Pesca a la manteca negra"},"content":{"rendered":"<p>Pez blanco grill\u00e9 en salsa de reducci\u00f3n de manteca, co\u00f1ac, y alcaparras, acompa\u00f1ada con papas espa\u00f1olas a la provenzal.<\/p>\n","protected":false},"excerpt":{"rendered":"<p>Pez blanco grill\u00e9 en salsa de reducci\u00f3n de manteca, co\u00f1ac, y alcaparras, acompa\u00f1ada con papas espa\u00f1olas a la provenzal.<\/p>\n","protected":false},"featured_media":0,"template":"","meta":{"_et_pb_use_builder":"","_et_pb_old_content":"","_et_gb_content_width":""},"product_brand":[],"product_cat":[18,31],"product_tag":[161,162,131],"class_list":{"0":"post-254","1":"product","2":"type-product","3":"status-publish","5":"product_cat-lippee-restaurant","6":"product_cat-nuestra-pesca","7":"product_tag-blanco","8":"product_tag-manteca-negra","9":"product_tag-pescado","11":"first","12":"instock","13":"shipping-taxable","14":"purchasable","15":"product-type-simple"},"_links":{"self":[{"href":"https:\/\/lippee.com.ar\/index.php\/wp-json\/wp\/v2\/product\/254","targetHints":{"allow":["GET"]}}],"collection":[{"href":"https:\/\/lippee.com.ar\/index.php\/wp-json\/wp\/v2\/product"}],"about":[{"href":"https:\/\/lippee.com.ar\/index.php\/wp-json\/wp\/v2\/types\/product"}],"wp:attachment":[{"href":"https:\/\/lippee.com.ar\/index.php\/wp-json\/wp\/v2\/media?parent=254"}],"wp:term":[{"taxonomy":"product_brand","embeddable":true,"href":"https:\/\/lippee.com.ar\/index.php\/wp-json\/wp\/v2\/product_brand?post=254"},{"taxonomy":"product_cat","embeddable":true,"href":"https:\/\/lippee.com.ar\/index.php\/wp-json\/wp\/v2\/product_cat?post=254"},{"taxonomy":"product_tag","embeddable":true,"href":"https:\/\/lippee.com.ar\/index.php\/wp-json\/wp\/v2\/product_tag?post=254"}],"curies":[{"name":"wp","href":"https:\/\/api.w.org\/{rel}","templated":true}]}}