{"id":243,"date":"2022-11-15T20:23:45","date_gmt":"2022-11-15T20:23:45","guid":{"rendered":"http:\/\/lippee.com.ar\/?post_type=product&#038;p=243"},"modified":"2023-12-13T01:29:58","modified_gmt":"2023-12-13T01:29:58","slug":"ravioles-de-salmon","status":"publish","type":"product","link":"https:\/\/lippee.com.ar\/index.php\/product\/ravioles-de-salmon\/","title":{"rendered":"Raviolones de salm\u00f3n"},"content":{"rendered":"<p>Salm\u00f3n rosado en masa con piment\u00f3n rojos, aceite de oliva y parmesano, salsa de crema y puerros salteados.<\/p>\n","protected":false},"excerpt":{"rendered":"<p>Salm\u00f3n rosado en masa con piment\u00f3n rojos, aceite de oliva y parmesano, salsa de crema y puerros salteados.<\/p>\n","protected":false},"featured_media":0,"template":"","meta":{"_et_pb_use_builder":"","_et_pb_old_content":"","_et_gb_content_width":""},"product_brand":[],"product_cat":[18,29],"product_tag":[188,190,157],"class_list":{"0":"post-243","1":"product","2":"type-product","3":"status-publish","5":"product_cat-lippee-restaurant","6":"product_cat-pastas-de-elaboracion","7":"product_tag-pasta","8":"product_tag-raviolones","9":"product_tag-salmon","11":"first","12":"instock","13":"shipping-taxable","14":"purchasable","15":"product-type-simple"},"_links":{"self":[{"href":"https:\/\/lippee.com.ar\/index.php\/wp-json\/wp\/v2\/product\/243","targetHints":{"allow":["GET"]}}],"collection":[{"href":"https:\/\/lippee.com.ar\/index.php\/wp-json\/wp\/v2\/product"}],"about":[{"href":"https:\/\/lippee.com.ar\/index.php\/wp-json\/wp\/v2\/types\/product"}],"wp:attachment":[{"href":"https:\/\/lippee.com.ar\/index.php\/wp-json\/wp\/v2\/media?parent=243"}],"wp:term":[{"taxonomy":"product_brand","embeddable":true,"href":"https:\/\/lippee.com.ar\/index.php\/wp-json\/wp\/v2\/product_brand?post=243"},{"taxonomy":"product_cat","embeddable":true,"href":"https:\/\/lippee.com.ar\/index.php\/wp-json\/wp\/v2\/product_cat?post=243"},{"taxonomy":"product_tag","embeddable":true,"href":"https:\/\/lippee.com.ar\/index.php\/wp-json\/wp\/v2\/product_tag?post=243"}],"curies":[{"name":"wp","href":"https:\/\/api.w.org\/{rel}","templated":true}]}}