{"id":232,"date":"2022-11-15T20:18:19","date_gmt":"2022-11-15T20:18:19","guid":{"rendered":"http:\/\/lippee.com.ar\/?post_type=product&#038;p=232"},"modified":"2023-12-13T01:13:05","modified_gmt":"2023-12-13T01:13:05","slug":"ojo-de-bife-araucaria","status":"publish","type":"product","link":"https:\/\/lippee.com.ar\/index.php\/product\/ojo-de-bife-araucaria\/","title":{"rendered":"Ojo de bife araucaria"},"content":{"rendered":"<p>Nuestro ojo de bife de 350 grs, cebolla caramelizada y huevo poche. Acompa\u00f1ado de batatas en cocci\u00f3n lenta con alm\u00edbar de<br \/>\njengibre.<\/p>\n","protected":false},"excerpt":{"rendered":"<p>Ojo de bife de 350 grs, cebolla caramelizada y huevo poche.<\/p>\n","protected":false},"featured_media":0,"template":"","meta":{"_et_pb_use_builder":"","_et_pb_old_content":"","_et_gb_content_width":""},"product_brand":[],"product_cat":[18,28],"product_tag":[176,164,175,174,169,163],"class_list":{"0":"post-232","1":"product","2":"type-product","3":"status-publish","5":"product_cat-lippee-restaurant","6":"product_cat-parrilla","7":"product_tag-araucaria","8":"product_tag-brasas","9":"product_tag-cebolla-caramelizada","10":"product_tag-ojo","11":"product_tag-ojo-de-bife","12":"product_tag-parrilla","14":"first","15":"instock","16":"shipping-taxable","17":"purchasable","18":"product-type-simple"},"_links":{"self":[{"href":"https:\/\/lippee.com.ar\/index.php\/wp-json\/wp\/v2\/product\/232","targetHints":{"allow":["GET"]}}],"collection":[{"href":"https:\/\/lippee.com.ar\/index.php\/wp-json\/wp\/v2\/product"}],"about":[{"href":"https:\/\/lippee.com.ar\/index.php\/wp-json\/wp\/v2\/types\/product"}],"wp:attachment":[{"href":"https:\/\/lippee.com.ar\/index.php\/wp-json\/wp\/v2\/media?parent=232"}],"wp:term":[{"taxonomy":"product_brand","embeddable":true,"href":"https:\/\/lippee.com.ar\/index.php\/wp-json\/wp\/v2\/product_brand?post=232"},{"taxonomy":"product_cat","embeddable":true,"href":"https:\/\/lippee.com.ar\/index.php\/wp-json\/wp\/v2\/product_cat?post=232"},{"taxonomy":"product_tag","embeddable":true,"href":"https:\/\/lippee.com.ar\/index.php\/wp-json\/wp\/v2\/product_tag?post=232"}],"curies":[{"name":"wp","href":"https:\/\/api.w.org\/{rel}","templated":true}]}}