{"id":216,"date":"2022-11-15T20:09:44","date_gmt":"2022-11-15T20:09:44","guid":{"rendered":"http:\/\/lippee.com.ar\/?post_type=product&#038;p=216"},"modified":"2023-12-13T01:21:02","modified_gmt":"2023-12-13T01:21:02","slug":"american-sirloin","status":"publish","type":"product","link":"https:\/\/lippee.com.ar\/index.php\/product\/american-sirloin\/","title":{"rendered":"Lomo a la barbacoa"},"content":{"rendered":"<p>Medall\u00f3n de lomo con tradicional salsa barbacoa. Acompa\u00f1ado de papas r\u00fasticas, queso crema y panceta crocante.<br \/>\n(Opcional crema de hongos)<\/p>\n","protected":false},"excerpt":{"rendered":"<p>Medall\u00f3n de lomo con tradicional salsa barbacoa. Acompa\u00f1ado de papas r\u00fasticas, queso crema y panceta crocante.<\/p>\n","protected":false},"featured_media":0,"template":"","meta":{"_et_pb_use_builder":"","_et_pb_old_content":"","_et_gb_content_width":""},"product_brand":[],"product_cat":[18,28],"product_tag":[186,164,167,163],"class_list":{"0":"post-216","1":"product","2":"type-product","3":"status-publish","5":"product_cat-lippee-restaurant","6":"product_cat-parrilla","7":"product_tag-barbacoa","8":"product_tag-brasas","9":"product_tag-lomo","10":"product_tag-parrilla","12":"first","13":"instock","14":"shipping-taxable","15":"purchasable","16":"product-type-simple"},"_links":{"self":[{"href":"https:\/\/lippee.com.ar\/index.php\/wp-json\/wp\/v2\/product\/216","targetHints":{"allow":["GET"]}}],"collection":[{"href":"https:\/\/lippee.com.ar\/index.php\/wp-json\/wp\/v2\/product"}],"about":[{"href":"https:\/\/lippee.com.ar\/index.php\/wp-json\/wp\/v2\/types\/product"}],"wp:attachment":[{"href":"https:\/\/lippee.com.ar\/index.php\/wp-json\/wp\/v2\/media?parent=216"}],"wp:term":[{"taxonomy":"product_brand","embeddable":true,"href":"https:\/\/lippee.com.ar\/index.php\/wp-json\/wp\/v2\/product_brand?post=216"},{"taxonomy":"product_cat","embeddable":true,"href":"https:\/\/lippee.com.ar\/index.php\/wp-json\/wp\/v2\/product_cat?post=216"},{"taxonomy":"product_tag","embeddable":true,"href":"https:\/\/lippee.com.ar\/index.php\/wp-json\/wp\/v2\/product_tag?post=216"}],"curies":[{"name":"wp","href":"https:\/\/api.w.org\/{rel}","templated":true}]}}