{"id":149,"date":"2022-11-14T20:54:26","date_gmt":"2022-11-14T20:54:26","guid":{"rendered":"http:\/\/lippee.com.ar\/?post_type=product&#038;p=149"},"modified":"2023-12-13T01:35:23","modified_gmt":"2023-12-13T01:35:23","slug":"pollo-a-la-crema-de-hongos","status":"publish","type":"product","link":"https:\/\/lippee.com.ar\/index.php\/product\/pollo-a-la-crema-de-hongos\/","title":{"rendered":"Pollo a la crema de hongos"},"content":{"rendered":"<p>Ave grill\u00e9 en salsa de hongos frescos, crema y salsa espa\u00f1ola acompa\u00f1ado de doradas papas espa\u00f1olas.<\/p>\n","protected":false},"excerpt":{"rendered":"<p>Ave grill\u00e9 en salsa de hongos frescos, crema y salsa espa\u00f1ola acompa\u00f1ado de doradas papas espa\u00f1olas.<\/p>\n","protected":false},"featured_media":0,"template":"","meta":{"_et_pb_use_builder":"","_et_pb_old_content":"","_et_gb_content_width":""},"product_brand":[],"product_cat":[18,33],"product_tag":[208,107,120,207,126,205],"class_list":{"0":"post-149","1":"product","2":"type-product","3":"status-publish","5":"product_cat-lippee-restaurant","6":"product_cat-pollo","7":"product_tag-ave","8":"product_tag-grill","9":"product_tag-hongos","10":"product_tag-patamuslo","11":"product_tag-pollo","12":"product_tag-suprema","14":"first","15":"instock","16":"shipping-taxable","17":"purchasable","18":"product-type-simple"},"_links":{"self":[{"href":"https:\/\/lippee.com.ar\/index.php\/wp-json\/wp\/v2\/product\/149","targetHints":{"allow":["GET"]}}],"collection":[{"href":"https:\/\/lippee.com.ar\/index.php\/wp-json\/wp\/v2\/product"}],"about":[{"href":"https:\/\/lippee.com.ar\/index.php\/wp-json\/wp\/v2\/types\/product"}],"wp:attachment":[{"href":"https:\/\/lippee.com.ar\/index.php\/wp-json\/wp\/v2\/media?parent=149"}],"wp:term":[{"taxonomy":"product_brand","embeddable":true,"href":"https:\/\/lippee.com.ar\/index.php\/wp-json\/wp\/v2\/product_brand?post=149"},{"taxonomy":"product_cat","embeddable":true,"href":"https:\/\/lippee.com.ar\/index.php\/wp-json\/wp\/v2\/product_cat?post=149"},{"taxonomy":"product_tag","embeddable":true,"href":"https:\/\/lippee.com.ar\/index.php\/wp-json\/wp\/v2\/product_tag?post=149"}],"curies":[{"name":"wp","href":"https:\/\/api.w.org\/{rel}","templated":true}]}}