{"id":140,"date":"2022-11-14T19:19:42","date_gmt":"2022-11-14T19:19:42","guid":{"rendered":"http:\/\/lippee.com.ar\/?post_type=product&#038;p=140"},"modified":"2023-12-13T00:36:44","modified_gmt":"2023-12-13T00:36:44","slug":"salteado-de-bondiola","status":"publish","type":"product","link":"https:\/\/lippee.com.ar\/index.php\/product\/salteado-de-bondiola\/","title":{"rendered":"Salteado de bondiola"},"content":{"rendered":"<p>Bondiola fileteada y salteada con r\u00facula, tomates, queso parmesano en reducci\u00f3n de salsa de soja, acompa\u00f1ado de papas espa\u00f1olas.<\/p>\n","protected":false},"excerpt":{"rendered":"<p>Bondiola fileteada y salteada con r\u00facula, tomates, queso parmesano en reducci\u00f3n de salsa de soja, acompa\u00f1ado de papas espa\u00f1olas.<\/p>\n","protected":false},"featured_media":0,"template":"","meta":{"_et_pb_use_builder":"","_et_pb_old_content":"","_et_gb_content_width":""},"product_brand":[],"product_cat":[22,18],"product_tag":[105,101,106],"class_list":{"0":"post-140","1":"product","2":"type-product","3":"status-publish","5":"product_cat-cerdo","6":"product_cat-lippee-restaurant","7":"product_tag-bondiola","8":"product_tag-cerdo","9":"product_tag-salteado","11":"first","12":"instock","13":"shipping-taxable","14":"purchasable","15":"product-type-simple"},"_links":{"self":[{"href":"https:\/\/lippee.com.ar\/index.php\/wp-json\/wp\/v2\/product\/140","targetHints":{"allow":["GET"]}}],"collection":[{"href":"https:\/\/lippee.com.ar\/index.php\/wp-json\/wp\/v2\/product"}],"about":[{"href":"https:\/\/lippee.com.ar\/index.php\/wp-json\/wp\/v2\/types\/product"}],"wp:attachment":[{"href":"https:\/\/lippee.com.ar\/index.php\/wp-json\/wp\/v2\/media?parent=140"}],"wp:term":[{"taxonomy":"product_brand","embeddable":true,"href":"https:\/\/lippee.com.ar\/index.php\/wp-json\/wp\/v2\/product_brand?post=140"},{"taxonomy":"product_cat","embeddable":true,"href":"https:\/\/lippee.com.ar\/index.php\/wp-json\/wp\/v2\/product_cat?post=140"},{"taxonomy":"product_tag","embeddable":true,"href":"https:\/\/lippee.com.ar\/index.php\/wp-json\/wp\/v2\/product_tag?post=140"}],"curies":[{"name":"wp","href":"https:\/\/api.w.org\/{rel}","templated":true}]}}