{"id":10,"date":"2022-11-10T14:49:29","date_gmt":"2022-11-10T14:49:29","guid":{"rendered":"http:\/\/lippee.com.ar\/?page_id=10"},"modified":"2023-12-13T02:41:09","modified_gmt":"2023-12-13T02:41:09","slug":"inicio","status":"publish","type":"page","link":"https:\/\/lippee.com.ar\/","title":{"rendered":"Inicio"},"content":{"rendered":"[et_pb_section fb_built=\u00bb1&#8243; _builder_version=\u00bb4.19.0&#8243; _module_preset=\u00bbdefault\u00bb background_image=\u00bbhttp:\/\/lippee.com.ar\/wp-content\/uploads\/2022\/11\/Background-Lippee.jpg\u00bb custom_padding=\u00bb||135px|||\u00bb background_color_phone=\u00bb#000000&#8243; background_last_edited=\u00bbon|phone\u00bb background_enable_color_phone=\u00bbon\u00bb background_enable_image_phone=\u00bboff\u00bb global_colors_info=\u00bb{}\u00bb][et_pb_row column_structure=\u00bb1_2,1_2&#8243; _builder_version=\u00bb4.19.0&#8243; _module_preset=\u00bbdefault\u00bb global_colors_info=\u00bb{}\u00bb][et_pb_column type=\u00bb1_2&#8243; _builder_version=\u00bb4.19.0&#8243; _module_preset=\u00bbdefault\u00bb global_colors_info=\u00bb{}\u00bb][et_pb_text _builder_version=\u00bb4.19.0&#8243; _module_preset=\u00bbdefault\u00bb header_text_color=\u00bb#FFFFFF\u00bb header_font_size=\u00bb45px\u00bb global_colors_info=\u00bb{}\u00bb]<h1>Complejo Lippee<\/h1>[\/et_pb_text][et_pb_text disabled_on=\u00bboff|off|off\u00bb _builder_version=\u00bb4.19.0&#8243; _module_preset=\u00bbdefault\u00bb text_text_color=\u00bb#dedede\u00bb text_font_size=\u00bb15px\u00bb global_colors_info=\u00bb{}\u00bb]<p>Abrimos nuestras puertas el 7 de agosto de 2003,y desde aquella \u00e9poca fuimos trabajando para perfeccionar la estad\u00eda de nuestros visitantes. Contamos con una variada carta de pastas caseras de autor, parrilla alas brasas y una cava prometedora.<br \/>En 2018 comenz\u00f3 a trabajar el horno tradicional a le\u00f1a ,para que desde su puerta salgan las pizzas de Hoss, obrador de pizzas. Masa madurada en fr\u00edo con el toque adicional de ser cocinadas a la le\u00f1a de quebracho<br \/>La despensa es donde completamos el servicio al cliente para que puedan encontrar los mejores fiambres, quesos, vinos y un surtido de delicatessen con la comodidad de el horario de cierre a las 23.<\/p>[\/et_pb_text][et_pb_button button_url=\u00bbhttp:\/\/lippee.com.ar\/#marcas\u00bb button_text=\u00bbNuestras Marcas\u00bb _builder_version=\u00bb4.19.0&#8243; _module_preset=\u00bbdefault\u00bb custom_button=\u00bbon\u00bb button_text_color=\u00bb#FFFFFF\u00bb button_border_width=\u00bb0px\u00bb button_font=\u00bbPlayfair Display||||||||\u00bb button_icon=\u00bb&#x24;||divi||400&#8243; button_on_hover=\u00bboff\u00bb global_colors_info=\u00bb{}\u00bb][\/et_pb_button][\/et_pb_column][et_pb_column type=\u00bb1_2&#8243; _builder_version=\u00bb4.19.0&#8243; _module_preset=\u00bbdefault\u00bb global_colors_info=\u00bb{}\u00bb][\/et_pb_column][\/et_pb_row][\/et_pb_section][et_pb_section fb_built=\u00bb1&#8243; module_id=\u00bbmarcas\u00bb _builder_version=\u00bb4.19.0&#8243; _module_preset=\u00bbdefault\u00bb background_color=\u00bb#070707&#8243; background_image=\u00bbhttp:\/\/lippee.com.ar\/wp-content\/uploads\/2022\/11\/Background-2-Lippee.jpg\u00bb background_size=\u00bbstretch\u00bb custom_padding=\u00bb85px||155px|||\u00bb global_colors_info=\u00bb{}\u00bb][et_pb_row _builder_version=\u00bb4.19.0&#8243; _module_preset=\u00bbdefault\u00bb global_colors_info=\u00bb{}\u00bb][et_pb_column type=\u00bb4_4&#8243; _builder_version=\u00bb4.19.0&#8243; _module_preset=\u00bbdefault\u00bb global_colors_info=\u00bb{}\u00bb][et_pb_text _builder_version=\u00bb4.19.0&#8243; _module_preset=\u00bbdefault\u00bb header_2_font_size=\u00bb35px\u00bb header_2_line_height=\u00bb1.2em\u00bb custom_padding=\u00bb|350px||350px|false|true\u00bb custom_padding_tablet=\u00bb|150px||150px|false|true\u00bb custom_padding_phone=\u00bb|25px||25px|false|true\u00bb custom_padding_last_edited=\u00bbon|phone\u00bb global_colors_info=\u00bb{}\u00bb]<h2 style=\"text-align: center\">\u00bfQu\u00e9 te gustar\u00eda comer?<\/h2>[\/et_pb_text][\/et_pb_column][\/et_pb_row][et_pb_row column_structure=\u00bb1_3,1_3,1_3&#8243; _builder_version=\u00bb4.19.0&#8243; _module_preset=\u00bbdefault\u00bb width=\u00bb90%\u00bb max_width=\u00bb1450px\u00bb global_colors_info=\u00bb{}\u00bb][et_pb_column type=\u00bb1_3&#8243; _builder_version=\u00bb4.19.0&#8243; _module_preset=\u00bbdefault\u00bb global_colors_info=\u00bb{}\u00bb][et_pb_image src=\u00bbhttp:\/\/lippee.com.ar\/wp-content\/uploads\/2022\/11\/Lippe-Restaurant.jpg\u00bb title_text=\u00bbLippe Restaurant\u00bb url=\u00bbhttp:\/\/lippee.com.ar\/index.php\/lippee-restaurant\/\u00bb _builder_version=\u00bb4.19.0&#8243; _module_preset=\u00bbdefault\u00bb global_colors_info=\u00bb{}\u00bb][\/et_pb_image][et_pb_text _builder_version=\u00bb4.19.0&#8243; _module_preset=\u00bbdefault\u00bb header_2_text_color=\u00bb#FFFFFF\u00bb header_2_font_size=\u00bb27px\u00bb global_colors_info=\u00bb{}\u00bb]<h2>Lippee Restaurant<\/h2>[\/et_pb_text][et_pb_button button_url=\u00bbhttp:\/\/lippee.com.ar\/index.php\/lippee-restaurant\/\u00bb button_text=\u00bbHacer pedido\u00bb _builder_version=\u00bb4.19.0&#8243; _module_preset=\u00bbdefault\u00bb custom_button=\u00bbon\u00bb button_text_color=\u00bb#954040&#8243; button_border_width=\u00bb0px\u00bb button_font=\u00bbPlayfair Display||||||||\u00bb button_icon=\u00bb&#x24;||divi||400&#8243; button_on_hover=\u00bboff\u00bb global_colors_info=\u00bb{}\u00bb][\/et_pb_button][\/et_pb_column][et_pb_column type=\u00bb1_3&#8243; _builder_version=\u00bb4.19.0&#8243; _module_preset=\u00bbdefault\u00bb global_colors_info=\u00bb{}\u00bb][et_pb_image src=\u00bbhttp:\/\/lippee.com.ar\/wp-content\/uploads\/2022\/11\/Hoss.jpg\u00bb title_text=\u00bbHoss\u00bb url=\u00bbhttp:\/\/lippee.com.ar\/index.php\/hoss-el-obrador\/\u00bb _builder_version=\u00bb4.19.0&#8243; _module_preset=\u00bbdefault\u00bb global_colors_info=\u00bb{}\u00bb][\/et_pb_image][et_pb_text _builder_version=\u00bb4.19.0&#8243; _module_preset=\u00bbdefault\u00bb header_2_text_color=\u00bb#FFFFFF\u00bb header_2_font_size=\u00bb27px\u00bb global_colors_info=\u00bb{}\u00bb]<h2>Hoss el Obrador<\/h2>[\/et_pb_text][et_pb_button button_url=\u00bbhttp:\/\/lippee.com.ar\/index.php\/hoss-el-obrador\/\u00bb button_text=\u00bbHacer pedido\u00bb _builder_version=\u00bb4.19.0&#8243; _module_preset=\u00bbdefault\u00bb custom_button=\u00bbon\u00bb button_text_color=\u00bb#954040&#8243; button_border_width=\u00bb0px\u00bb button_font=\u00bbPlayfair Display||||||||\u00bb button_icon=\u00bb&#x24;||divi||400&#8243; button_on_hover=\u00bboff\u00bb global_colors_info=\u00bb{}\u00bb][\/et_pb_button][\/et_pb_column][et_pb_column type=\u00bb1_3&#8243; _builder_version=\u00bb4.19.0&#8243; _module_preset=\u00bbdefault\u00bb global_colors_info=\u00bb{}\u00bb][et_pb_image src=\u00bbhttp:\/\/lippee.com.ar\/wp-content\/uploads\/2022\/11\/Piccola-Venzezia.jpg\u00bb title_text=\u00bbPiccola Venzezia\u00bb url=\u00bbhttp:\/\/lippee.com.ar\/index.php\/piccola-venezia\/\u00bb _builder_version=\u00bb4.19.0&#8243; _module_preset=\u00bbdefault\u00bb global_colors_info=\u00bb{}\u00bb][\/et_pb_image][et_pb_text _builder_version=\u00bb4.19.0&#8243; _module_preset=\u00bbdefault\u00bb header_2_text_color=\u00bb#FFFFFF\u00bb header_2_font_size=\u00bb27px\u00bb global_colors_info=\u00bb{}\u00bb]<h2>Piccola Venezia<\/h2>[\/et_pb_text][et_pb_button button_url=\u00bbhttp:\/\/lippee.com.ar\/index.php\/piccola-venezia\/\u00bb button_text=\u00bbHacer pedido\u00bb _builder_version=\u00bb4.19.0&#8243; _module_preset=\u00bbdefault\u00bb custom_button=\u00bbon\u00bb button_text_color=\u00bb#954040&#8243; button_border_width=\u00bb0px\u00bb button_font=\u00bbPlayfair Display||||||||\u00bb button_icon=\u00bb&#x24;||divi||400&#8243; button_on_hover=\u00bboff\u00bb global_colors_info=\u00bb{}\u00bb][\/et_pb_button][\/et_pb_column][\/et_pb_row][\/et_pb_section][et_pb_section fb_built=\u00bb1&#8243; module_id=\u00bbgaler\u00eda\u00bb _builder_version=\u00bb4.19.0&#8243; _module_preset=\u00bbdefault\u00bb background_color=\u00bb#070707&#8243; background_image=\u00bbhttp:\/\/lippee.com.ar\/wp-content\/uploads\/2022\/11\/Background-3-Lippee.jpg\u00bb custom_padding=\u00bb2px|||||\u00bb global_colors_info=\u00bb{}\u00bb][et_pb_row column_structure=\u00bb1_2,1_2&#8243; _builder_version=\u00bb4.19.0&#8243; _module_preset=\u00bbdefault\u00bb width=\u00bb90%\u00bb max_width=\u00bb1450px\u00bb custom_padding=\u00bb12px|||||\u00bb global_colors_info=\u00bb{}\u00bb][et_pb_column type=\u00bb1_2&#8243; _builder_version=\u00bb4.19.0&#8243; _module_preset=\u00bbdefault\u00bb global_colors_info=\u00bb{}\u00bb][et_pb_text content_tablet=\u00bb<h2>Nuestro Complejo<\/h2>\u00bb content_phone=\u00bb<h2>Nuestro Complejo<\/h2>\u00bb content_last_edited=\u00bbon|desktop\u00bb _builder_version=\u00bb4.19.0&#8243; _module_preset=\u00bbdefault\u00bb header_2_font_size=\u00bb35px\u00bb header_2_line_height=\u00bb1.2em\u00bb custom_padding=\u00bb||||false|false\u00bb global_colors_info=\u00bb{}\u00bb]<h2 style=\"text-align: left\">Nuestro Complejo<\/h2>[\/et_pb_text][\/et_pb_column][et_pb_column type=\u00bb1_2&#8243; _builder_version=\u00bb4.19.0&#8243; _module_preset=\u00bbdefault\u00bb global_colors_info=\u00bb{}\u00bb][\/et_pb_column][\/et_pb_row][et_pb_row _builder_version=\u00bb4.19.0&#8243; _module_preset=\u00bbdefault\u00bb custom_padding=\u00bb12px|||||\u00bb global_colors_info=\u00bb{}\u00bb][et_pb_column type=\u00bb4_4&#8243; _builder_version=\u00bb4.19.0&#8243; _module_preset=\u00bbdefault\u00bb global_colors_info=\u00bb{}\u00bb][et_pb_image src=\u00bbhttp:\/\/lippee.com.ar\/wp-content\/uploads\/2022\/11\/Complejo-Lippee-Vinos.png\u00bb title_text=\u00bbComplejo Lippee &#8211; Vinos\u00bb align=\u00bbcenter\u00bb _builder_version=\u00bb4.19.0&#8243; _module_preset=\u00bbdefault\u00bb hover_enabled=\u00bb0&#8243; global_colors_info=\u00bb{}\u00bb show_in_lightbox=\u00bbon\u00bb sticky_enabled=\u00bb0&#8243;][\/et_pb_image][\/et_pb_column][\/et_pb_row][et_pb_row column_structure=\u00bb1_5,1_5,1_5,1_5,1_5&#8243; use_custom_gutter=\u00bbon\u00bb gutter_width=\u00bb2&#8243; _builder_version=\u00bb4.19.0&#8243; _module_preset=\u00bbdefault\u00bb custom_padding=\u00bb12px|||||\u00bb global_colors_info=\u00bb{}\u00bb][et_pb_column type=\u00bb1_5&#8243; _builder_version=\u00bb4.19.0&#8243; _module_preset=\u00bbdefault\u00bb global_colors_info=\u00bb{}\u00bb][et_pb_image src=\u00bbhttp:\/\/lippee.com.ar\/wp-content\/uploads\/2022\/11\/Complejo-Lippee-Exterior-de-dia.png\u00bb title_text=\u00bbComplejo Lippee &#8211; Exterior de d\u00eda\u00bb show_in_lightbox=\u00bbon\u00bb align=\u00bbcenter\u00bb _builder_version=\u00bb4.19.0&#8243; _module_preset=\u00bbdefault\u00bb global_colors_info=\u00bb{}\u00bb][\/et_pb_image][\/et_pb_column][et_pb_column type=\u00bb1_5&#8243; _builder_version=\u00bb4.19.0&#8243; _module_preset=\u00bbdefault\u00bb global_colors_info=\u00bb{}\u00bb][et_pb_image src=\u00bbhttp:\/\/lippee.com.ar\/wp-content\/uploads\/2022\/11\/Complejo-Lippee-Exterior-de-noche.png\u00bb title_text=\u00bbComplejo Lippee &#8211; Exterior de noche\u00bb show_in_lightbox=\u00bbon\u00bb align=\u00bbcenter\u00bb _builder_version=\u00bb4.19.0&#8243; _module_preset=\u00bbdefault\u00bb global_colors_info=\u00bb{}\u00bb][\/et_pb_image][\/et_pb_column][et_pb_column type=\u00bb1_5&#8243; _builder_version=\u00bb4.19.0&#8243; _module_preset=\u00bbdefault\u00bb global_colors_info=\u00bb{}\u00bb][et_pb_image src=\u00bbhttp:\/\/lippee.com.ar\/wp-content\/uploads\/2022\/11\/Complejo-Lippee-Interior-de-noche.png\u00bb title_text=\u00bbComplejo Lippee &#8211; Interior de noche\u00bb show_in_lightbox=\u00bbon\u00bb align=\u00bbcenter\u00bb _builder_version=\u00bb4.19.0&#8243; _module_preset=\u00bbdefault\u00bb global_colors_info=\u00bb{}\u00bb][\/et_pb_image][\/et_pb_column][et_pb_column type=\u00bb1_5&#8243; _builder_version=\u00bb4.19.0&#8243; _module_preset=\u00bbdefault\u00bb global_colors_info=\u00bb{}\u00bb][et_pb_image src=\u00bbhttp:\/\/lippee.com.ar\/wp-content\/uploads\/2022\/11\/Complejo-Lippee-Hornos.png\u00bb title_text=\u00bbComplejo Lippee &#8211; Hornos\u00bb show_in_lightbox=\u00bbon\u00bb align=\u00bbcenter\u00bb _builder_version=\u00bb4.19.0&#8243; _module_preset=\u00bbdefault\u00bb global_colors_info=\u00bb{}\u00bb][\/et_pb_image][\/et_pb_column][et_pb_column type=\u00bb1_5&#8243; _builder_version=\u00bb4.19.0&#8243; _module_preset=\u00bbdefault\u00bb global_colors_info=\u00bb{}\u00bb][et_pb_image src=\u00bbhttp:\/\/lippee.com.ar\/wp-content\/uploads\/2022\/11\/Complejo-Lippee.png\u00bb title_text=\u00bbComplejo Lippee\u00bb show_in_lightbox=\u00bbon\u00bb align=\u00bbcenter\u00bb _builder_version=\u00bb4.19.0&#8243; _module_preset=\u00bbdefault\u00bb global_colors_info=\u00bb{}\u00bb][\/et_pb_image][\/et_pb_column][\/et_pb_row][\/et_pb_section][et_pb_section fb_built=\u00bb1&#8243; module_id=\u00bbcontacto\u00bb _builder_version=\u00bb4.19.0&#8243; _module_preset=\u00bbdefault\u00bb background_color=\u00bb#070707&#8243; global_colors_info=\u00bb{}\u00bb][et_pb_row _builder_version=\u00bb4.19.0&#8243; _module_preset=\u00bbdefault\u00bb global_colors_info=\u00bb{}\u00bb][et_pb_column type=\u00bb4_4&#8243; _builder_version=\u00bb4.19.0&#8243; _module_preset=\u00bbdefault\u00bb global_colors_info=\u00bb{}\u00bb][et_pb_text _builder_version=\u00bb4.19.0&#8243; _module_preset=\u00bbdefault\u00bb header_2_text_color=\u00bb#FFFFFF\u00bb header_2_font_size=\u00bb35px\u00bb header_2_line_height=\u00bb1.2em\u00bb custom_padding=\u00bb||||false|false\u00bb global_colors_info=\u00bb{}\u00bb]<h2 style=\"text-align: center\">Contacto<\/h2>[\/et_pb_text][\/et_pb_column][\/et_pb_row][et_pb_row column_structure=\u00bb1_2,1_2&#8243; _builder_version=\u00bb4.19.0&#8243; _module_preset=\u00bbdefault\u00bb global_colors_info=\u00bb{}\u00bb][et_pb_column type=\u00bb1_2&#8243; _builder_version=\u00bb4.19.0&#8243; _module_preset=\u00bbdefault\u00bb global_colors_info=\u00bb{}\u00bb][et_pb_text _builder_version=\u00bb4.19.0&#8243; _module_preset=\u00bbdefault\u00bb text_text_color=\u00bb#FFFFFF\u00bb text_font_size=\u00bb22px\u00bb header_text_color=\u00bb#532425&#8243; header_3_text_color=\u00bb#532425&#8243; header_4_text_color=\u00bb#532425&#8243; header_4_font_size=\u00bb27px\u00bb header_4_line_height=\u00bb1.8em\u00bb global_colors_info=\u00bb{}\u00bb]<h4>Reservas Lippee<\/h4>\n<p>11 2655-7555<\/p>[\/et_pb_text][et_pb_text _builder_version=\u00bb4.19.0&#8243; _module_preset=\u00bbdefault\u00bb text_text_color=\u00bb#FFFFFF\u00bb text_font_size=\u00bb22px\u00bb header_text_color=\u00bb#532425&#8243; header_3_text_color=\u00bb#532425&#8243; header_4_text_color=\u00bb#532425&#8243; header_4_font_size=\u00bb27px\u00bb header_4_line_height=\u00bb1.8em\u00bb global_colors_info=\u00bb{}\u00bb]<h4>Hoss el Obrador<\/h4>\n<p>11 2655-9696<\/p>[\/et_pb_text][et_pb_text _builder_version=\u00bb4.19.0&#8243; _module_preset=\u00bbdefault\u00bb text_text_color=\u00bb#FFFFFF\u00bb text_font_size=\u00bb17px\u00bb header_text_color=\u00bb#532425&#8243; header_3_text_color=\u00bb#532425&#8243; header_4_text_color=\u00bb#532425&#8243; header_4_font_size=\u00bb27px\u00bb header_4_line_height=\u00bb1.8em\u00bb global_colors_info=\u00bb{}\u00bb]<h4>Horarios<\/h4>\n<p>Martes a Domingos al mediod\u00eda de 10hs a 16hs<br \/>Martes a Domingos a la noche de 18hs a 24hs<\/p>[\/et_pb_text][et_pb_text _builder_version=\u00bb4.19.0&#8243; _module_preset=\u00bbdefault\u00bb text_text_color=\u00bb#FFFFFF\u00bb text_font_size=\u00bb17px\u00bb header_text_color=\u00bb#532425&#8243; header_3_text_color=\u00bb#532425&#8243; header_4_text_color=\u00bb#532425&#8243; header_4_font_size=\u00bb27px\u00bb global_colors_info=\u00bb{}\u00bb]<h4>Redes Sociales<\/h4>[\/et_pb_text][et_pb_social_media_follow _builder_version=\u00bb4.19.0&#8243; _module_preset=\u00bbdefault\u00bb custom_padding=\u00bb0px|||||\u00bb global_colors_info=\u00bb{}\u00bb][et_pb_social_media_follow_network social_network=\u00bbfacebook\u00bb url=\u00bbhttps:\/\/www.facebook.com\/LippeeResto\u00bb use_icon_font_size=\u00bbon\u00bb icon_font_size=\u00bb20px\u00bb _builder_version=\u00bb4.19.0&#8243; _module_preset=\u00bbdefault\u00bb background_enable_color=\u00bboff\u00bb global_colors_info=\u00bb{}\u00bb follow_button=\u00bboff\u00bb url_new_window=\u00bbon\u00bb]facebook[\/et_pb_social_media_follow_network][et_pb_social_media_follow_network social_network=\u00bbinstagram\u00bb url=\u00bbhttps:\/\/www.instagram.com\/lippee_resto\/\u00bb use_icon_font_size=\u00bbon\u00bb icon_font_size=\u00bb20px\u00bb _builder_version=\u00bb4.19.0&#8243; _module_preset=\u00bbdefault\u00bb background_color=\u00bb#ea2c59&#8243; background_enable_color=\u00bboff\u00bb global_colors_info=\u00bb{}\u00bb follow_button=\u00bboff\u00bb url_new_window=\u00bbon\u00bb]instagram[\/et_pb_social_media_follow_network][\/et_pb_social_media_follow][\/et_pb_column][et_pb_column type=\u00bb1_2&#8243; _builder_version=\u00bb4.19.0&#8243; _module_preset=\u00bbdefault\u00bb global_colors_info=\u00bb{}\u00bb][et_pb_code _builder_version=\u00bb4.19.0&#8243; _module_preset=\u00bbdefault\u00bb filter_saturate=\u00bb15%\u00bb global_colors_info=\u00bb{}\u00bb][\/et_pb_code][\/et_pb_column][\/et_pb_row][\/et_pb_section]","protected":false},"excerpt":{"rendered":"<p>Complejo LippeeAbrimos nuestras puertas el 7 de agosto de 2003,y desde aquella \u00e9poca fuimos trabajando para perfeccionar la estad\u00eda de nuestros visitantes. Contamos con una variada carta de pastas caseras de autor, parrilla alas brasas y una cava prometedora.En 2018 comenz\u00f3 a trabajar el horno tradicional a le\u00f1a ,para que desde su puerta salgan las [&hellip;]<\/p>\n","protected":false},"author":2,"featured_media":0,"parent":0,"menu_order":0,"comment_status":"open","ping_status":"closed","template":"","meta":{"_et_pb_use_builder":"on","_et_pb_old_content":"<!-- wp:divi\/placeholder \/-->","_et_gb_content_width":"","footnotes":""},"class_list":["post-10","page","type-page","status-publish","hentry"],"_links":{"self":[{"href":"https:\/\/lippee.com.ar\/index.php\/wp-json\/wp\/v2\/pages\/10","targetHints":{"allow":["GET"]}}],"collection":[{"href":"https:\/\/lippee.com.ar\/index.php\/wp-json\/wp\/v2\/pages"}],"about":[{"href":"https:\/\/lippee.com.ar\/index.php\/wp-json\/wp\/v2\/types\/page"}],"author":[{"embeddable":true,"href":"https:\/\/lippee.com.ar\/index.php\/wp-json\/wp\/v2\/users\/2"}],"replies":[{"embeddable":true,"href":"https:\/\/lippee.com.ar\/index.php\/wp-json\/wp\/v2\/comments?post=10"}],"version-history":[{"count":31,"href":"https:\/\/lippee.com.ar\/index.php\/wp-json\/wp\/v2\/pages\/10\/revisions"}],"predecessor-version":[{"id":638,"href":"https:\/\/lippee.com.ar\/index.php\/wp-json\/wp\/v2\/pages\/10\/revisions\/638"}],"wp:attachment":[{"href":"https:\/\/lippee.com.ar\/index.php\/wp-json\/wp\/v2\/media?parent=10"}],"curies":[{"name":"wp","href":"https:\/\/api.w.org\/{rel}","templated":true}]}}